{"id":14,"date":"2020-11-19T12:53:56","date_gmt":"2020-11-19T12:53:56","guid":{"rendered":"https:\/\/safetyfirst.education\/reset-password"},"modified":"2020-11-19T12:53:56","modified_gmt":"2020-11-19T12:53:56","slug":"reset-password","status":"publish","type":"page","link":"https:\/\/safetyfirst.education\/ru\/reset-password","title":{"rendered":"\u00c5terst\u00e4ll l\u00f6senord"},"content":{"rendered":"","protected":false},"excerpt":{"rendered":"","protected":false},"author":1,"featured_media":0,"parent":0,"menu_order":55,"comment_status":"closed","ping_status":"closed","template":"reset-password.php","meta":[],"_links":{"self":[{"href":"https:\/\/safetyfirst.education\/ru\/wp-json\/wp\/v2\/pages\/14"}],"collection":[{"href":"https:\/\/safetyfirst.education\/ru\/wp-json\/wp\/v2\/pages"}],"about":[{"href":"https:\/\/safetyfirst.education\/ru\/wp-json\/wp\/v2\/types\/page"}],"author":[{"embeddable":true,"href":"https:\/\/safetyfirst.education\/ru\/wp-json\/wp\/v2\/users\/1"}],"replies":[{"embeddable":true,"href":"https:\/\/safetyfirst.education\/ru\/wp-json\/wp\/v2\/comments?post=14"}],"version-history":[{"count":0,"href":"https:\/\/safetyfirst.education\/ru\/wp-json\/wp\/v2\/pages\/14\/revisions"}],"wp:attachment":[{"href":"https:\/\/safetyfirst.education\/ru\/wp-json\/wp\/v2\/media?parent=14"}],"curies":[{"name":"wp","href":"https:\/\/api.w.org\/{rel}","templated":true}]}}